{"id":2142,"date":"2025-05-25T08:36:32","date_gmt":"2025-05-25T06:36:32","guid":{"rendered":"https:\/\/vilakatarina.si\/splosni-pogoji\/"},"modified":"2026-01-05T10:01:00","modified_gmt":"2026-01-05T09:01:00","slug":"condizioni-generali","status":"publish","type":"page","link":"https:\/\/vilakatarina.si\/it\/condizioni-generali\/","title":{"rendered":"Condizioni generali"},"content":{"rendered":"<h2>Condizioni generali:<\/h2>\n<p>Il check-in \u00e8 disponibile dalle ore 16:00 del giorno di arrivo.<br \/>\nIl check-out \u00e8 richiesto entro le ore 10:00 del giorno di partenza.<\/p>\n<p><strong>\u00a0<\/strong><\/p>\n<h2>Politica di cancellazione:<\/h2>\n<p>Rimborso completo per cancellazioni fino a 30 giorni prima dell\u2019arrivo. Nessun rimborso per cancellazioni successive. In caso di mancata presentazione, ci riserviamo il diritto di addebitare l\u2019intero importo della prenotazione.<br \/>\nGli ospiti che partono prima della data prevista di partenza saranno addebitati per le notti rimanenti della prenotazione originariamente confermata.<br \/>\nLe richieste di modifica della prenotazione (data, numero di persone, categoria della camera) sono soggette alle tariffe e condizioni in vigore al momento della richiesta.<\/p>\n<p><strong>\u00a0<\/strong><\/p>\n<h2>Cancellazione da parte di Vila Katarina<\/h2>\n<p>Vila Katarina si riserva il diritto di annullare le prenotazioni esistenti in casi eccezionali (come la chiusura completa della struttura per motivi organizzativi), informando il cliente almeno due giorni prima dell\u2019arrivo previsto. In tal caso, il cliente ha diritto esclusivamente al rimborso degli importi gi\u00e0 pagati per i servizi prenotati e non potr\u00e0 richiedere alcun risarcimento danni e\/o somme aggiuntive alla struttura.<\/p>\n<p><strong>\u00a0<\/strong><\/p>\n<h2>Fumo e pulizia<\/h2>\n<p>\u00c8 vietato fumare all\u2019interno della struttura di Vila Katarina. In caso di fumo, verr\u00e0 addebitata una tassa di pulizia profonda di \u20ac200. Ci impegniamo a offrire stanze pulite. In caso di macchie significative o danni alla propriet\u00e0, l\u2019ospite accetta di pagare una tassa di pulizia di almeno \u20ac50 \u2013 a seconda del danno causato.<\/p>\n<p><strong>\u00a0<\/strong><\/p>\n<h2>Feste ed eventi<\/h2>\n<p>Feste ed eventi non sono ammessi.<\/p>\n<p><strong>\u00a0<\/strong><\/p>\n<h2>Parcheggio<\/h2>\n<p>Il parcheggio presso la nostra struttura \u00e8 a rischio del proprietario del veicolo. Vila Katarina non \u00e8 responsabile per eventuali danni. Il parcheggio \u00e8 gratuito per gli ospiti.<\/p>\n<p><strong>\u00a0<\/strong><\/p>\n<h2>Animali domestici<\/h2>\n<p>Gli animali domestici non sono ammessi negli appartamenti.<\/p>\n<p><strong>\u00a0<\/strong><\/p>\n<h2>Prezzi<\/h2>\n<p>Tutti i prezzi includono l\u2019IVA. La tassa di soggiorno non \u00e8 inclusa ed \u00e8 pari a \u20ac3,13 per persona al giorno.<\/p>\n","protected":false},"excerpt":{"rendered":"<p>Condizioni generali: Il check-in \u00e8 disponibile dalle ore 16:00 del giorno di arrivo. Il check-out \u00e8 richiesto entro le ore&#8230;<\/p>\n","protected":false},"author":1,"featured_media":0,"parent":0,"menu_order":0,"comment_status":"closed","ping_status":"open","template":"","meta":{"_monsterinsights_skip_tracking":false,"_monsterinsights_sitenote_active":false,"_monsterinsights_sitenote_note":"","_monsterinsights_sitenote_category":0,"footnotes":""},"class_list":["post-2142","page","type-page","status-publish"],"aioseo_notices":[],"_links":{"self":[{"href":"https:\/\/vilakatarina.si\/it\/wp-json\/wp\/v2\/pages\/2142","targetHints":{"allow":["GET"]}}],"collection":[{"href":"https:\/\/vilakatarina.si\/it\/wp-json\/wp\/v2\/pages"}],"about":[{"href":"https:\/\/vilakatarina.si\/it\/wp-json\/wp\/v2\/types\/page"}],"author":[{"embeddable":true,"href":"https:\/\/vilakatarina.si\/it\/wp-json\/wp\/v2\/users\/1"}],"replies":[{"embeddable":true,"href":"https:\/\/vilakatarina.si\/it\/wp-json\/wp\/v2\/comments?post=2142"}],"version-history":[{"count":3,"href":"https:\/\/vilakatarina.si\/it\/wp-json\/wp\/v2\/pages\/2142\/revisions"}],"predecessor-version":[{"id":2586,"href":"https:\/\/vilakatarina.si\/it\/wp-json\/wp\/v2\/pages\/2142\/revisions\/2586"}],"wp:attachment":[{"href":"https:\/\/vilakatarina.si\/it\/wp-json\/wp\/v2\/media?parent=2142"}],"curies":[{"name":"wp","href":"https:\/\/api.w.org\/{rel}","templated":true}]}}