{"id":2141,"date":"2025-05-25T08:36:32","date_gmt":"2025-05-25T06:36:32","guid":{"rendered":"https:\/\/vilakatarina.si\/splosni-pogoji\/"},"modified":"2026-01-05T10:00:52","modified_gmt":"2026-01-05T09:00:52","slug":"allgemeine-bedingungen","status":"publish","type":"page","link":"https:\/\/vilakatarina.si\/de\/allgemeine-bedingungen\/","title":{"rendered":"Allgemeine Bedingungen"},"content":{"rendered":"<h2>Allgemeine Bedingungen:<\/h2>\n<p>Check-in ist ab 16:00 Uhr am Anreisetag m\u00f6glich.<br \/>\nCheck-out ist bis 10:00 Uhr am Abreisetag erforderlich.<\/p>\n<p><strong>\u00a0<\/strong><\/p>\n<h2>Stornierungsbedingungen:<\/h2>\n<p>Volle R\u00fcckerstattung f\u00fcr Stornierungen bis zu 30 Tage vor Anreise. Keine R\u00fcckerstattung bei sp\u00e4teren Stornierungen. Bei Nichterscheinen behalten wir uns das Recht vor, den Gesamtbetrag der Reservierung zu berechnen.<br \/>\nG\u00e4ste, die vor dem geplanten Abreisedatum abreisen, wird der verbleibende Aufenthalt der urspr\u00fcnglich best\u00e4tigten Reservierung in Rechnung gestellt.<br \/>\n\u00c4nderungsanfragen der Reservierung (Datum, Personenanzahl, Zimmerkategorie) unterliegen den Preisen und Bedingungen, die zum Zeitpunkt der Anfrage gelten.<\/p>\n<p><strong>\u00a0<\/strong><\/p>\n<h2><strong>Stornierung durch Vila Katarina<\/strong><\/h2>\n<p>Vila Katarina beh\u00e4lt sich das Recht vor, bestehende Reservierungen in Ausnahmef\u00e4llen (z.\u202fB. vollst\u00e4ndige Schlie\u00dfung der Anlage aus organisatorischen Gr\u00fcnden) zu stornieren, wobei der Gast sp\u00e4testens zwei Tage vor dem geplanten Anreisedatum informiert wird. In diesem Fall hat der Kunde nur Anspruch auf R\u00fcckerstattung der bereits gezahlten Betr\u00e4ge f\u00fcr die gebuchten Leistungen und kann keine weiteren Anspr\u00fcche auf Schadensersatz und\/oder zus\u00e4tzliche Zahlungen geltend machen.<\/p>\n<p><strong>\u00a0<\/strong><\/p>\n<h2><strong>Rauchen und Sauberkeit<\/strong><\/h2>\n<p>Rauchen ist in den Innenr\u00e4umen der Vila Katarina nicht gestattet. Im Falle des Rauchens wird eine Tiefenreinigungsgeb\u00fchr von 200 \u20ac berechnet. Wir bem\u00fchen uns besonders, unseren G\u00e4sten saubere Zimmer bereitzustellen. Bei gr\u00f6\u00dferen Verschmutzungen oder Sch\u00e4den an unserem Eigentum erkl\u00e4ren Sie sich mit einer Reinigungsgeb\u00fchr von mindestens 50 \u20ac einverstanden \u2013 je nach Schadensh\u00f6he.<\/p>\n<p><strong>\u00a0<\/strong><\/p>\n<h2><strong>Partys und Veranstaltungen<\/strong><\/h2>\n<p>Partys und Veranstaltungen sind nicht erlaubt.<\/p>\n<p><strong>\u00a0<\/strong><\/p>\n<h2><strong>Parkpl\u00e4tze<\/strong><\/h2>\n<p>Das Parken auf unseren Parkpl\u00e4tzen erfolgt auf eigene Gefahr. Vila Katarina \u00fcbernimmt keine Haftung f\u00fcr Sch\u00e4den. Parken ist f\u00fcr G\u00e4ste kostenlos.<\/p>\n<p><strong>\u00a0<\/strong><\/p>\n<h2><strong>Haustiere<\/strong><\/h2>\n<p>Haustiere sind in den Apartments nicht erlaubt.<\/p>\n<p><strong>\u00a0<\/strong><\/p>\n<h2><strong>Preise<\/strong><\/h2>\n<p>Alle Preise verstehen sich inklusive Mehrwertsteuer. Die Kurtaxe ist nicht im Preis inbegriffen und betr\u00e4gt 3,13 \u20ac pro Person und Tag.<\/p>\n","protected":false},"excerpt":{"rendered":"<p>Allgemeine Bedingungen: Check-in ist ab 16:00 Uhr am Anreisetag m\u00f6glich. Check-out ist bis 10:00 Uhr am Abreisetag erforderlich. \u00a0 Stornierungsbedingungen:&#8230;<\/p>\n","protected":false},"author":1,"featured_media":0,"parent":0,"menu_order":0,"comment_status":"closed","ping_status":"open","template":"","meta":{"_monsterinsights_skip_tracking":false,"_monsterinsights_sitenote_active":false,"_monsterinsights_sitenote_note":"","_monsterinsights_sitenote_category":0,"footnotes":""},"class_list":["post-2141","page","type-page","status-publish"],"aioseo_notices":[],"_links":{"self":[{"href":"https:\/\/vilakatarina.si\/de\/wp-json\/wp\/v2\/pages\/2141","targetHints":{"allow":["GET"]}}],"collection":[{"href":"https:\/\/vilakatarina.si\/de\/wp-json\/wp\/v2\/pages"}],"about":[{"href":"https:\/\/vilakatarina.si\/de\/wp-json\/wp\/v2\/types\/page"}],"author":[{"embeddable":true,"href":"https:\/\/vilakatarina.si\/de\/wp-json\/wp\/v2\/users\/1"}],"replies":[{"embeddable":true,"href":"https:\/\/vilakatarina.si\/de\/wp-json\/wp\/v2\/comments?post=2141"}],"version-history":[{"count":3,"href":"https:\/\/vilakatarina.si\/de\/wp-json\/wp\/v2\/pages\/2141\/revisions"}],"predecessor-version":[{"id":2585,"href":"https:\/\/vilakatarina.si\/de\/wp-json\/wp\/v2\/pages\/2141\/revisions\/2585"}],"wp:attachment":[{"href":"https:\/\/vilakatarina.si\/de\/wp-json\/wp\/v2\/media?parent=2141"}],"curies":[{"name":"wp","href":"https:\/\/api.w.org\/{rel}","templated":true}]}}